{"id":450,"date":"2022-06-02T04:34:22","date_gmt":"2022-06-02T09:34:22","guid":{"rendered":"https:\/\/marfra.net\/?post_type=product&#038;p=450"},"modified":"2022-07-29T10:31:22","modified_gmt":"2022-07-29T15:31:22","slug":"utm-fortinet","status":"publish","type":"product","link":"https:\/\/marfra.net\/index.php\/producto\/utm-fortinet\/","title":{"rendered":"UTM Fortinet"},"content":{"rendered":"<table border=\"0\" width=\"900\" cellspacing=\"0\" cellpadding=\"0\">\n<tbody>\n<tr>\n<td rowspan=\"3\" valign=\"top\">Modelos de las soluciones Fortigate<\/p>\n<p class=\"cuerpo_texto\">FortiGate 30E<span class=\"vinculo_cyan\"><br \/>\n<\/span>FortiGate 60E<span class=\"vinculo_cyan\"><br \/>\n<\/span>FortiGate 90D<span class=\"vinculo_cyan\"><br \/>\n<\/span>FortiGate 100E<span class=\"vinculo_cyan\"><br \/>\n<\/span>FortiGate 200E<\/p>\n<p>Puedes revisar la matrix de productos en el siguiente link:<\/p>\n<p><a href=\"https:\/\/www.fortinet.com\/content\/dam\/fortinet\/assets\/data-sheets\/Fortinet_Product_Matrix.pdf\">https:\/\/www.fortinet.com\/content\/dam\/fortinet\/assets\/data-sheets\/Fortinet_Product_Matrix.pdf<\/a><\/p>\n<p>&nbsp;<\/td>\n<\/tr>\n<\/tbody>\n<\/table>\n","protected":false},"excerpt":{"rendered":"<p>En un mundo cada vez mas digitalizado, la informaci\u00f3n\u00a0 va\u00a0 adquiriendo\u00a0 \u00a0un valor exponencial, convirti\u00e9ndose en un bien\u00a0 atractivo\u00a0 para los\u00a0 ciber delincuentes que tambi\u00e9n han incrementado en cantidad y t\u00e9cnicas para lograr\u00a0 robar, secuestrar vulnerar informaci\u00f3n de las compa\u00f1\u00edas, es por ello que\u00a0 amerita que\u00a0 se ponga mucho \u00e9nfasis y precisi\u00f3n en\u00a0 proteger la informaci\u00f3n de las compa\u00f1\u00edas,\u00a0 nosotros ponemos\u00a0 \u00a0a vuestra disposici\u00f3n\u00a0 las mejores\u00a0 soluciones del mercado, como son en este caso\u00a0 los productos del reconocido fabricante fortinet.<\/p>\n<p>Agradeceremos\u00a0 nos dejes tus datos y podamos contactarte para\u00a0 poder\u00a0 brindarte el acompa\u00f1amiento en dimensionar y adquirir la mejor soluci\u00f3n que se\u00a0 satisfaga tus necesidades\u00a0 y expectativas.<\/p>\n[wpforms id=\"454\" title=\"false\"]\n<p>&nbsp;<\/p>\n","protected":false},"featured_media":452,"comment_status":"open","ping_status":"closed","template":"","meta":{"om_disable_all_campaigns":false,"_monsterinsights_skip_tracking":false,"_monsterinsights_sitenote_active":false,"_monsterinsights_sitenote_note":"","_monsterinsights_sitenote_category":0},"product_cat":[39],"product_tag":[41],"class_list":["post-450","product","type-product","status-publish","has-post-thumbnail","hentry","product_cat-infraestructura","product_tag-firewall"],"_links":{"self":[{"href":"https:\/\/marfra.net\/index.php\/wp-json\/wp\/v2\/product\/450","targetHints":{"allow":["GET"]}}],"collection":[{"href":"https:\/\/marfra.net\/index.php\/wp-json\/wp\/v2\/product"}],"about":[{"href":"https:\/\/marfra.net\/index.php\/wp-json\/wp\/v2\/types\/product"}],"replies":[{"embeddable":true,"href":"https:\/\/marfra.net\/index.php\/wp-json\/wp\/v2\/comments?post=450"}],"wp:featuredmedia":[{"embeddable":true,"href":"https:\/\/marfra.net\/index.php\/wp-json\/wp\/v2\/media\/452"}],"wp:attachment":[{"href":"https:\/\/marfra.net\/index.php\/wp-json\/wp\/v2\/media?parent=450"}],"wp:term":[{"taxonomy":"product_cat","embeddable":true,"href":"https:\/\/marfra.net\/index.php\/wp-json\/wp\/v2\/product_cat?post=450"},{"taxonomy":"product_tag","embeddable":true,"href":"https:\/\/marfra.net\/index.php\/wp-json\/wp\/v2\/product_tag?post=450"}],"curies":[{"name":"wp","href":"https:\/\/api.w.org\/{rel}","templated":true}]}}