{"id":86,"date":"2022-06-16T23:04:51","date_gmt":"2022-06-16T23:04:51","guid":{"rendered":"https:\/\/marfra.net\/?page_id=86"},"modified":"2022-06-29T22:54:50","modified_gmt":"2022-06-30T03:54:50","slug":"nosotros","status":"publish","type":"page","link":"https:\/\/marfra.net\/index.php\/nosotros\/","title":{"rendered":"Nosotros"},"content":{"rendered":"\n<div style=\"height:26px\" aria-hidden=\"true\" class=\"wp-block-spacer\"><\/div>\n\n\n\n<div class=\"wp-block-media-text alignwide is-stacked-on-mobile\" style=\"grid-template-columns:56% auto\"><figure class=\"wp-block-media-text__media\"><img loading=\"lazy\" decoding=\"async\" width=\"1024\" height=\"635\" src=\"https:\/\/marfra.net\/wp-content\/uploads\/2022\/06\/hands-3624895_1920-1024x635.jpg\" alt=\"\" class=\"wp-image-107 size-full\" srcset=\"https:\/\/marfra.net\/wp-content\/uploads\/2022\/06\/hands-3624895_1920-1024x635.jpg 1024w, https:\/\/marfra.net\/wp-content\/uploads\/2022\/06\/hands-3624895_1920-600x372.jpg 600w, https:\/\/marfra.net\/wp-content\/uploads\/2022\/06\/hands-3624895_1920-300x186.jpg 300w, https:\/\/marfra.net\/wp-content\/uploads\/2022\/06\/hands-3624895_1920-768x476.jpg 768w, https:\/\/marfra.net\/wp-content\/uploads\/2022\/06\/hands-3624895_1920-1536x952.jpg 1536w, https:\/\/marfra.net\/wp-content\/uploads\/2022\/06\/hands-3624895_1920.jpg 1920w\" sizes=\"auto, (max-width: 1024px) 100vw, 1024px\" \/><\/figure><div class=\"wp-block-media-text__content\">\n<p class=\"has-small-font-size\">Somos una empresa formada en el 2016, producto de la conjunci\u00f3n de profesionales, apasionados y expertos en investigaci\u00f3n, tecnolog\u00eda, ingenier\u00eda y construcci\u00f3n,  nos unimos  para poder hacer lo que mas nos satisface que es desarrollar  soluciones  para mejorar  nuestra calidad de vida, tratando en cada detalle de estar en armon\u00eda con nuestro planeta,.<\/p>\n\n\n\n<p class=\"has-small-font-size\">Es por ello que iniciamos con las disciplinas de tecnolog\u00eda, ingenier\u00eda de construcci\u00f3n, biotecnolog\u00eda, investigaci\u00f3n y desarrollo, ,y salimos a ofrecer nuestros servicios y productos,  teniendo una r\u00e1pida  acogida,  este corto tiempo nos ha permitido lograr la madurez requerida para poder no solo brindar soluciones si no  iniciar  investigaci\u00f3n es as\u00ed que hemos adquirido nuestro laboratorio de electr\u00f3nica.<\/p>\n\n\n\n<p><\/p>\n<\/div><\/div>\n","protected":false},"excerpt":{"rendered":"<p>Somos una empresa formada en el 2016, producto de la conjunci\u00f3n de profesionales, apasionados y expertos en investigaci\u00f3n, tecnolog\u00eda, ingenier\u00eda y construcci\u00f3n, nos unimos para poder hacer lo que mas nos satisface que es desarrollar soluciones para mejorar nuestra calidad<\/p>\n","protected":false},"author":1,"featured_media":0,"parent":0,"menu_order":0,"comment_status":"closed","ping_status":"closed","template":"","meta":{"om_disable_all_campaigns":false,"_monsterinsights_skip_tracking":false,"_monsterinsights_sitenote_active":false,"_monsterinsights_sitenote_note":"","_monsterinsights_sitenote_category":0,"footnotes":""},"class_list":["post-86","page","type-page","status-publish","hentry"],"_links":{"self":[{"href":"https:\/\/marfra.net\/index.php\/wp-json\/wp\/v2\/pages\/86","targetHints":{"allow":["GET"]}}],"collection":[{"href":"https:\/\/marfra.net\/index.php\/wp-json\/wp\/v2\/pages"}],"about":[{"href":"https:\/\/marfra.net\/index.php\/wp-json\/wp\/v2\/types\/page"}],"author":[{"embeddable":true,"href":"https:\/\/marfra.net\/index.php\/wp-json\/wp\/v2\/users\/1"}],"replies":[{"embeddable":true,"href":"https:\/\/marfra.net\/index.php\/wp-json\/wp\/v2\/comments?post=86"}],"version-history":[{"count":4,"href":"https:\/\/marfra.net\/index.php\/wp-json\/wp\/v2\/pages\/86\/revisions"}],"predecessor-version":[{"id":508,"href":"https:\/\/marfra.net\/index.php\/wp-json\/wp\/v2\/pages\/86\/revisions\/508"}],"wp:attachment":[{"href":"https:\/\/marfra.net\/index.php\/wp-json\/wp\/v2\/media?parent=86"}],"curies":[{"name":"wp","href":"https:\/\/api.w.org\/{rel}","templated":true}]}}